{"id":2063,"date":"2022-07-16T13:39:30","date_gmt":"2022-07-16T13:39:30","guid":{"rendered":"http:\/\/www.alois-musik.de\/wordpress\/?page_id=2063"},"modified":"2026-01-10T13:03:47","modified_gmt":"2026-01-10T13:03:47","slug":"ueber-uns","status":"publish","type":"page","link":"http:\/\/www.alois-musik.de\/wordpress\/ueber-uns\/","title":{"rendered":"Deutsch Polnisches Duo &#8211; Live Alleinunterhalter Saxophon, Akkordeon, Keyboard, Gesang &#038; DJ"},"content":{"rendered":"<h3><span style=\"color: #ff0000;\"><strong>MUSIK ENTERTAINMENT\u00a0<\/strong><\/span><\/h3>\n<p><img loading=\"lazy\" class=\"alignnone size-medium wp-image-3301\" src=\"http:\/\/www.alois-musik.de\/wordpress\/wp-content\/uploads\/2026\/01\/Alois-Saxophone-225x300.jpeg\" alt=\"S-Blue 1\" width=\"225\" height=\"300\" srcset=\"http:\/\/www.alois-musik.de\/wordpress\/wp-content\/uploads\/2026\/01\/Alois-Saxophone-225x300.jpeg 225w, http:\/\/www.alois-musik.de\/wordpress\/wp-content\/uploads\/2026\/01\/Alois-Saxophone-768x1024.jpeg 768w, http:\/\/www.alois-musik.de\/wordpress\/wp-content\/uploads\/2026\/01\/Alois-Saxophone-1152x1536.jpeg 1152w, http:\/\/www.alois-musik.de\/wordpress\/wp-content\/uploads\/2026\/01\/Alois-Saxophone-1536x2048.jpeg 1536w, http:\/\/www.alois-musik.de\/wordpress\/wp-content\/uploads\/2026\/01\/Alois-Saxophone-scaled.jpeg 1920w\" sizes=\"(max-width: 225px) 100vw, 225px\" \/><img loading=\"lazy\" class=\"size-medium wp-image-3305 alignleft\" src=\"http:\/\/www.alois-musik.de\/wordpress\/wp-content\/uploads\/2026\/01\/AS-169x300.jpeg\" alt=\"AS\" width=\"169\" height=\"300\" srcset=\"http:\/\/www.alois-musik.de\/wordpress\/wp-content\/uploads\/2026\/01\/AS-169x300.jpeg 169w, http:\/\/www.alois-musik.de\/wordpress\/wp-content\/uploads\/2026\/01\/AS-576x1024.jpeg 576w, http:\/\/www.alois-musik.de\/wordpress\/wp-content\/uploads\/2026\/01\/AS.jpeg 665w\" sizes=\"(max-width: 169px) 100vw, 169px\" \/><img loading=\"lazy\" class=\"alignnone size-medium wp-image-3307\" src=\"http:\/\/www.alois-musik.de\/wordpress\/wp-content\/uploads\/2026\/01\/ae9d1b99-4b40-40c1-853c-8f4e623edc99-169x300.jpg\" alt=\"S2\" width=\"169\" height=\"300\" srcset=\"http:\/\/www.alois-musik.de\/wordpress\/wp-content\/uploads\/2026\/01\/ae9d1b99-4b40-40c1-853c-8f4e623edc99-169x300.jpg 169w, http:\/\/www.alois-musik.de\/wordpress\/wp-content\/uploads\/2026\/01\/ae9d1b99-4b40-40c1-853c-8f4e623edc99-577x1024.jpg 577w, http:\/\/www.alois-musik.de\/wordpress\/wp-content\/uploads\/2026\/01\/ae9d1b99-4b40-40c1-853c-8f4e623edc99-768x1364.jpg 768w, http:\/\/www.alois-musik.de\/wordpress\/wp-content\/uploads\/2026\/01\/ae9d1b99-4b40-40c1-853c-8f4e623edc99-865x1536.jpg 865w, http:\/\/www.alois-musik.de\/wordpress\/wp-content\/uploads\/2026\/01\/ae9d1b99-4b40-40c1-853c-8f4e623edc99.jpg 1126w\" sizes=\"(max-width: 169px) 100vw, 169px\" \/><\/p>\n<p>&nbsp;<\/p>\n<h5><span style=\"color: #003300;\"><strong>\r\n\t<div class=\"slideshow_container slideshow_container_style-light\" style=\"height: 750px; max-width: 1300px;\" data-slideshow-id=\"609\" data-style-name=\"style-light\" data-style-version=\"2.3.1\" >\r\n\r\n\t\t\t\t\t<div class=\"slideshow_loading_icon\"><\/div>\r\n\t\t\r\n\t\t<div class=\"slideshow_content\" style=\"display: none;\">\r\n\r\n\t\t\t<div class=\"slideshow_view\">\r\n\t\t\t\t<div class=\"slideshow_slide slideshow_slide_image\">\r\n\t\t\t\t\t\t\t\t\t\t\t<img src=\"http:\/\/www.alois-musik.de\/wordpress\/wp-content\/uploads\/2023\/08\/Start-Akkordeon.jpg\" alt=\"Start Akkordeon\" width=\"2048\" height=\"1365\" \/>\r\n\t\t\t\t\t\t\t\t\t\t<div class=\"slideshow_description_box slideshow_transparent\">\r\n\t\t\t\t\t\t<div class=\"slideshow_title\">Start Akkordeon<\/div>\t\t\t\t\t\t\t\t\t\t\t<\/div>\r\n\t\t\t\t<\/div>\r\n\r\n\t\t\t\t\t\t<div style=\"clear: both;\"><\/div><\/div><div class=\"slideshow_view\">\r\n\t\t\t\t<div class=\"slideshow_slide slideshow_slide_image\">\r\n\t\t\t\t\t\t\t\t\t\t\t<img src=\"http:\/\/www.alois-musik.de\/wordpress\/wp-content\/uploads\/2016\/09\/canvas-e1473790915439.png\" alt=\"canvas\" width=\"722\" height=\"406\" \/>\r\n\t\t\t\t\t\t\t\t\t\t<div class=\"slideshow_description_box slideshow_transparent\">\r\n\t\t\t\t\t\t<div class=\"slideshow_title\">canvas<\/div>\t\t\t\t\t\t\t\t\t\t\t<\/div>\r\n\t\t\t\t<\/div>\r\n\r\n\t\t\t\t\t\t<div style=\"clear: both;\"><\/div><\/div><div class=\"slideshow_view\">\r\n\t\t\t\t<div class=\"slideshow_slide slideshow_slide_image\">\r\n\t\t\t\t\t\t\t\t\t\t\t<img src=\"http:\/\/www.alois-musik.de\/wordpress\/wp-content\/uploads\/2023\/07\/Solo-scaled.jpg\" alt=\"Solo\" width=\"2560\" height=\"1700\" \/>\r\n\t\t\t\t\t\t\t\t\t\t<div class=\"slideshow_description_box slideshow_transparent\">\r\n\t\t\t\t\t\t<div class=\"slideshow_title\">Solo<\/div>\t\t\t\t\t\t\t\t\t\t\t<\/div>\r\n\t\t\t\t<\/div>\r\n\r\n\t\t\t\t\t\t<div style=\"clear: both;\"><\/div><\/div><div class=\"slideshow_view\">\r\n\t\t\t\t<div class=\"slideshow_slide slideshow_slide_image\">\r\n\t\t\t\t\t\t\t\t\t\t\t<img src=\"http:\/\/www.alois-musik.de\/wordpress\/wp-content\/uploads\/2016\/09\/shapeimage_2-e1473790942601.png\" alt=\"Alois Sax\" width=\"700\" height=\"400\" \/>\r\n\t\t\t\t\t\t\t\t\t\t<div class=\"slideshow_description_box slideshow_transparent\">\r\n\t\t\t\t\t\t<div class=\"slideshow_title\">Alois Sax<\/div>\t\t\t\t\t\t\t\t\t\t\t<\/div>\r\n\t\t\t\t<\/div>\r\n\r\n\t\t\t\t\t\t<div style=\"clear: both;\"><\/div><\/div><div class=\"slideshow_view\">\r\n\t\t\t\t<div class=\"slideshow_slide slideshow_slide_image\">\r\n\t\t\t\t\t\t\t\t\t\t\t<img src=\"http:\/\/www.alois-musik.de\/wordpress\/wp-content\/uploads\/2024\/05\/2882eb4a-591d-49fb-ba6f-d325d878bf97.jpg\" alt=\"Marta Alois\" width=\"2048\" height=\"1536\" \/>\r\n\t\t\t\t\t\t\t\t\t\t<div class=\"slideshow_description_box slideshow_transparent\">\r\n\t\t\t\t\t\t<div class=\"slideshow_title\">Marta Alois<\/div>\t\t\t\t\t\t\t\t\t\t\t<\/div>\r\n\t\t\t\t<\/div>\r\n\r\n\t\t\t\t\t\t<div style=\"clear: both;\"><\/div><\/div><div class=\"slideshow_view\">\r\n\t\t\t\t<div class=\"slideshow_slide slideshow_slide_image\">\r\n\t\t\t\t\t\t\t\t\t\t\t<img src=\"http:\/\/www.alois-musik.de\/wordpress\/wp-content\/uploads\/2023\/09\/Alois-Musik-Akkordeon.jpg\" alt=\"Alois Musik Akkordeon\" width=\"2048\" height=\"2040\" \/>\r\n\t\t\t\t\t\t\t\t\t\t<div class=\"slideshow_description_box slideshow_transparent\">\r\n\t\t\t\t\t\t<div class=\"slideshow_title\">Alois Musik Akkordeon<\/div>\t\t\t\t\t\t\t\t\t\t\t<\/div>\r\n\t\t\t\t<\/div>\r\n\r\n\t\t\t\t\t\t<div style=\"clear: both;\"><\/div><\/div><div class=\"slideshow_view\">\r\n\t\t\t\t<div class=\"slideshow_slide slideshow_slide_image\">\r\n\t\t\t\t\t\t\t\t\t\t\t<img src=\"http:\/\/www.alois-musik.de\/wordpress\/wp-content\/uploads\/2024\/01\/Kasia-Z.-e1704178954417.jpg\" alt=\"Kasia Z.\" width=\"852\" height=\"834\" \/>\r\n\t\t\t\t\t\t\t\t\t\t<div class=\"slideshow_description_box slideshow_transparent\">\r\n\t\t\t\t\t\t<div class=\"slideshow_title\">Kasia Z.<\/div>\t\t\t\t\t\t\t\t\t\t\t<\/div>\r\n\t\t\t\t<\/div>\r\n\r\n\t\t\t\t\t\t<div style=\"clear: both;\"><\/div><\/div><div class=\"slideshow_view\">\r\n\t\t\t\t<div class=\"slideshow_slide slideshow_slide_image\">\r\n\t\t\t\t\t\t\t\t\t\t\t<img src=\"http:\/\/www.alois-musik.de\/wordpress\/wp-content\/uploads\/2016\/10\/IMG_3008.jpg\" alt=\"img_3008\" width=\"1600\" height=\"1200\" \/>\r\n\t\t\t\t\t\t\t\t\t\t<div class=\"slideshow_description_box slideshow_transparent\">\r\n\t\t\t\t\t\t<div class=\"slideshow_title\">img_3008<\/div>\t\t\t\t\t\t\t\t\t\t\t<\/div>\r\n\t\t\t\t<\/div>\r\n\r\n\t\t\t\t\t\t<div style=\"clear: both;\"><\/div><\/div><div class=\"slideshow_view\">\r\n\t\t\t\t<div class=\"slideshow_slide slideshow_slide_image\">\r\n\t\t\t\t\t\t\t\t\t\t\t<img src=\"http:\/\/www.alois-musik.de\/wordpress\/wp-content\/uploads\/2016\/09\/AK-5.jpg\" alt=\"ak-5\" width=\"800\" height=\"617\" \/>\r\n\t\t\t\t\t\t\t\t\t\t<div class=\"slideshow_description_box slideshow_transparent\">\r\n\t\t\t\t\t\t<div class=\"slideshow_title\">ak-5<\/div>\t\t\t\t\t\t\t\t\t\t\t<\/div>\r\n\t\t\t\t<\/div>\r\n\r\n\t\t\t\t\t\t<div style=\"clear: both;\"><\/div><\/div><div class=\"slideshow_view\">\r\n\t\t\t\t<div class=\"slideshow_slide slideshow_slide_image\">\r\n\t\t\t\t\t\t\t\t\t\t\t<img src=\"http:\/\/www.alois-musik.de\/wordpress\/wp-content\/uploads\/2016\/09\/nowy-format.jpg\" alt=\"Akkordeon mit halbrunde Tastatur\" width=\"1795\" height=\"1287\" \/>\r\n\t\t\t\t\t\t\t\t\t\t<div class=\"slideshow_description_box slideshow_transparent\">\r\n\t\t\t\t\t\t<div class=\"slideshow_title\">Akkordeon mit halbrunde Tastatur<\/div>\t\t\t\t\t\t\t\t\t\t\t<\/div>\r\n\t\t\t\t<\/div>\r\n\r\n\t\t\t\t\t\t<div style=\"clear: both;\"><\/div><\/div><div class=\"slideshow_view\">\r\n\t\t\t\t<div class=\"slideshow_slide slideshow_slide_image\">\r\n\t\t\t\t\t\t\t\t\t\t\t<img src=\"http:\/\/www.alois-musik.de\/wordpress\/wp-content\/uploads\/2020\/10\/DSC_7073.jpg\" alt=\"Alois SAX\" width=\"3773\" height=\"5650\" \/>\r\n\t\t\t\t\t\t\t\t\t\t<div class=\"slideshow_description_box slideshow_transparent\">\r\n\t\t\t\t\t\t<div class=\"slideshow_title\">Alois SAX<\/div>\t\t\t\t\t\t\t\t\t\t\t<\/div>\r\n\t\t\t\t<\/div>\r\n\r\n\t\t\t\t\t\t<div style=\"clear: both;\"><\/div><\/div><div class=\"slideshow_view\">\r\n\t\t\t\t<div class=\"slideshow_slide slideshow_slide_image\">\r\n\t\t\t\t\t\t\t\t\t\t\t<img src=\"http:\/\/www.alois-musik.de\/wordpress\/wp-content\/uploads\/2024\/05\/Stimmung-scaled.jpg\" alt=\"Stimmung\" width=\"2560\" height=\"1920\" \/>\r\n\t\t\t\t\t\t\t\t\t\t<div class=\"slideshow_description_box slideshow_transparent\">\r\n\t\t\t\t\t\t<div class=\"slideshow_title\">Stimmung<\/div>\t\t\t\t\t\t\t\t\t\t\t<\/div>\r\n\t\t\t\t<\/div>\r\n\r\n\t\t\t\t\t\t<div style=\"clear: both;\"><\/div><\/div><div class=\"slideshow_view\">\r\n\t\t\t\t<div class=\"slideshow_slide slideshow_slide_image\">\r\n\t\t\t\t\t\t\t\t\t\t\t<img src=\"http:\/\/www.alois-musik.de\/wordpress\/wp-content\/uploads\/2017\/06\/DSC_2873.jpg\" alt=\"Schiff\" width=\"1920\" height=\"1272\" \/>\r\n\t\t\t\t\t\t\t\t\t\t<div class=\"slideshow_description_box slideshow_transparent\">\r\n\t\t\t\t\t\t<div class=\"slideshow_title\">Schiff<\/div>\t\t\t\t\t\t\t\t\t\t\t<\/div>\r\n\t\t\t\t<\/div>\r\n\r\n\t\t\t\t\t\t<div style=\"clear: both;\"><\/div><\/div><div class=\"slideshow_view\">\r\n\t\t\t\t<div class=\"slideshow_slide slideshow_slide_image\">\r\n\t\t\t\t\t\t\t\t\t\t\t<img src=\"http:\/\/www.alois-musik.de\/wordpress\/wp-content\/uploads\/2016\/10\/KGrHqNl0FGZFr7LBSVozcp60_57.jpg\" alt=\"Neues Akkordeon\" width=\"1600\" height=\"1200\" \/>\r\n\t\t\t\t\t\t\t\t\t\t<div class=\"slideshow_description_box slideshow_transparent\">\r\n\t\t\t\t\t\t<div class=\"slideshow_title\">Neues Akkordeon<\/div>\t\t\t\t\t\t\t\t\t\t\t<\/div>\r\n\t\t\t\t<\/div>\r\n\r\n\t\t\t\t\t\t<div style=\"clear: both;\"><\/div><\/div><div class=\"slideshow_view\">\r\n\t\t\t\t<div class=\"slideshow_slide slideshow_slide_image\">\r\n\t\t\t\t\t\t\t\t\t\t\t<img src=\"http:\/\/www.alois-musik.de\/wordpress\/wp-content\/uploads\/2016\/10\/DSC_2865-e1477960439729.jpg\" alt=\"Statek\" width=\"3928\" height=\"2602\" \/>\r\n\t\t\t\t\t\t\t\t\t\t<div class=\"slideshow_description_box slideshow_transparent\">\r\n\t\t\t\t\t\t<div class=\"slideshow_title\">Statek<\/div>\t\t\t\t\t\t\t\t\t\t\t<\/div>\r\n\t\t\t\t<\/div>\r\n\r\n\t\t\t\t\t\t<div style=\"clear: both;\"><\/div><\/div><div class=\"slideshow_view\">\r\n\t\t\t\t<div class=\"slideshow_slide slideshow_slide_image\">\r\n\t\t\t\t\t\t\t\t\t\t\t<img src=\"http:\/\/www.alois-musik.de\/wordpress\/wp-content\/uploads\/2017\/09\/Band-Sax.jpg\" alt=\"Band Sax\" width=\"2912\" height=\"4368\" \/>\r\n\t\t\t\t\t\t\t\t\t\t<div class=\"slideshow_description_box slideshow_transparent\">\r\n\t\t\t\t\t\t<div class=\"slideshow_title\">Band Sax<\/div>\t\t\t\t\t\t\t\t\t\t\t<\/div>\r\n\t\t\t\t<\/div>\r\n\r\n\t\t\t\t\t\t<div style=\"clear: both;\"><\/div><\/div><div class=\"slideshow_view\">\r\n\t\t\t\t<div class=\"slideshow_slide slideshow_slide_image\">\r\n\t\t\t\t\t\t\t\t\t\t\t<img src=\"http:\/\/www.alois-musik.de\/wordpress\/wp-content\/uploads\/2017\/09\/A-Band-42.jpg\" alt=\"Keyboard\" width=\"2912\" height=\"4368\" \/>\r\n\t\t\t\t\t\t\t\t\t\t<div class=\"slideshow_description_box slideshow_transparent\">\r\n\t\t\t\t\t\t<div class=\"slideshow_title\">Keyboard<\/div>\t\t\t\t\t\t\t\t\t\t\t<\/div>\r\n\t\t\t\t<\/div>\r\n\r\n\t\t\t\t\t\t<div style=\"clear: both;\"><\/div><\/div><div class=\"slideshow_view\">\r\n\t\t\t\t<div class=\"slideshow_slide slideshow_slide_image\">\r\n\t\t\t\t\t\t\t\t\t\t\t<img src=\"http:\/\/www.alois-musik.de\/wordpress\/wp-content\/uploads\/2017\/11\/DSC_0649.jpg\" alt=\"Keyboard Foto\" width=\"3669\" height=\"2430\" \/>\r\n\t\t\t\t\t\t\t\t\t\t<div class=\"slideshow_description_box slideshow_transparent\">\r\n\t\t\t\t\t\t<div class=\"slideshow_title\">Keyboard Foto<\/div>\t\t\t\t\t\t\t\t\t\t\t<\/div>\r\n\t\t\t\t<\/div>\r\n\r\n\t\t\t\t\t\t<div style=\"clear: both;\"><\/div><\/div><div class=\"slideshow_view\">\r\n\t\t\t\t<div class=\"slideshow_slide slideshow_slide_image\">\r\n\t\t\t\t\t\t\t\t\t\t\t<img src=\"http:\/\/www.alois-musik.de\/wordpress\/wp-content\/uploads\/2018\/01\/IMG_2713.jpg\" alt=\"Love\" width=\"1024\" height=\"768\" \/>\r\n\t\t\t\t\t\t\t\t\t\t<div class=\"slideshow_description_box slideshow_transparent\">\r\n\t\t\t\t\t\t<div class=\"slideshow_title\">Love<\/div>\t\t\t\t\t\t\t\t\t\t\t<\/div>\r\n\t\t\t\t<\/div>\r\n\r\n\t\t\t\t\t\t<div style=\"clear: both;\"><\/div><\/div><div class=\"slideshow_view\">\r\n\t\t\t\t<div class=\"slideshow_slide slideshow_slide_image\">\r\n\t\t\t\t\t\t\t\t\t\t\t<img src=\"http:\/\/www.alois-musik.de\/wordpress\/wp-content\/uploads\/2016\/09\/AK-1.jpg\" alt=\"Alois\" width=\"2592\" height=\"1728\" \/>\r\n\t\t\t\t\t\t\t\t\t\t<div class=\"slideshow_description_box slideshow_transparent\">\r\n\t\t\t\t\t\t<div class=\"slideshow_title\">Alois<\/div>\t\t\t\t\t\t\t\t\t\t\t<\/div>\r\n\t\t\t\t<\/div>\r\n\r\n\t\t\t\t\t\t<div style=\"clear: both;\"><\/div><\/div><div class=\"slideshow_view\">\r\n\t\t\t\t<div class=\"slideshow_slide slideshow_slide_image\">\r\n\t\t\t\t\t\t\t\t\t\t\t<img src=\"http:\/\/www.alois-musik.de\/wordpress\/wp-content\/uploads\/2016\/09\/3402_9a.jpg\" alt=\"Alois S\" width=\"1280\" height=\"1920\" \/>\r\n\t\t\t\t\t\t\t\t\t\t<div class=\"slideshow_description_box slideshow_transparent\">\r\n\t\t\t\t\t\t<div class=\"slideshow_title\">Alois S<\/div>\t\t\t\t\t\t\t\t\t\t\t<\/div>\r\n\t\t\t\t<\/div>\r\n\r\n\t\t\t\t\t\t<div style=\"clear: both;\"><\/div><\/div><div class=\"slideshow_view\">\r\n\t\t\t\t<div class=\"slideshow_slide slideshow_slide_image\">\r\n\t\t\t\t\t\t\t\t\t\t\t<img src=\"http:\/\/www.alois-musik.de\/wordpress\/wp-content\/uploads\/2017\/09\/A-Band-42.jpg\" alt=\"A Band-42\" width=\"2912\" height=\"4368\" \/>\r\n\t\t\t\t\t\t\t\t\t\t<div class=\"slideshow_description_box slideshow_transparent\">\r\n\t\t\t\t\t\t<div class=\"slideshow_title\">A Band-42<\/div>\t\t\t\t\t\t\t\t\t\t\t<\/div>\r\n\t\t\t\t<\/div>\r\n\r\n\t\t\t\t\t\t<div style=\"clear: both;\"><\/div><\/div><div class=\"slideshow_view\">\r\n\t\t\t\t<div class=\"slideshow_slide slideshow_slide_image\">\r\n\t\t\t\t\t\t\t\t\t\t\t<img src=\"http:\/\/www.alois-musik.de\/wordpress\/wp-content\/uploads\/2017\/09\/Band-mit-Effekten-28.jpg\" alt=\"Effekte\" width=\"4368\" height=\"2912\" \/>\r\n\t\t\t\t\t\t\t\t\t\t<div class=\"slideshow_description_box slideshow_transparent\">\r\n\t\t\t\t\t\t<div class=\"slideshow_title\">Effekte<\/div>\t\t\t\t\t\t\t\t\t\t\t<\/div>\r\n\t\t\t\t<\/div>\r\n\r\n\t\t\t\t\t\t<div style=\"clear: both;\"><\/div><\/div><div class=\"slideshow_view\">\r\n\t\t\t\t<div class=\"slideshow_slide slideshow_slide_image\">\r\n\t\t\t\t\t\t\t\t\t\t\t<img src=\"http:\/\/www.alois-musik.de\/wordpress\/wp-content\/uploads\/2017\/11\/DSC_0722.jpg\" alt=\"Alle Foto\" width=\"4928\" height=\"3264\" \/>\r\n\t\t\t\t\t\t\t\t\t\t<div class=\"slideshow_description_box slideshow_transparent\">\r\n\t\t\t\t\t\t<div class=\"slideshow_title\">Alle Foto<\/div>\t\t\t\t\t\t\t\t\t\t\t<\/div>\r\n\t\t\t\t<\/div>\r\n\r\n\t\t\t\t\t\t<div style=\"clear: both;\"><\/div><\/div>\r\n\t\t<\/div>\r\n\r\n\t\t<div class=\"slideshow_controlPanel slideshow_transparent\" style=\"display: none;\"><ul><li class=\"slideshow_togglePlay\" data-play-text=\"Abspielen\" data-pause-text=\"Pause\"><\/li><\/ul><\/div>\r\n\r\n\t\t<div class=\"slideshow_button slideshow_previous slideshow_transparent\" role=\"button\" data-previous-text=\"Zur\u00fcck\" style=\"display: none;\"><\/div>\r\n\t\t<div class=\"slideshow_button slideshow_next slideshow_transparent\" role=\"button\" data-next-text=\"Weiter\" style=\"display: none;\"><\/div>\r\n\r\n\t\t<div class=\"slideshow_pagination\" style=\"display: none;\" data-go-to-text=\"Gehe zum Bild\"><div class=\"slideshow_pagination_center\"><\/div><\/div>\r\n\r\n\t\t<!-- WordPress Slideshow Version 2.3.1 -->\r\n\r\n\t\t\t<\/div>\r\n\r\n<\/strong><\/span><span style=\"color: #ff0000;\"><strong>D<\/strong><strong>eutsch &#8211; polnische Hochzeitsband &#8211; Partyband &#8211; Duo &#8211; Alleinunterhalter,\u00a0<\/strong><\/span><\/h5>\n<h5><span style=\"color: #ff0000;\"><strong>DJ -Option.<\/strong><\/span><\/h5>\n<div class=\"note idea \">\n<div class=\"note-inner\"><span style=\"color: #003366;\"><strong>Musik f\u00fcr Ihren besonderen Tag, deutsch-polnische und internationale Partys, Geburtstage, Jubil\u00e4en\/ Hochzeiten private und gesch\u00e4ftliche Veranstaltungen, kirchliche Festlichkeiten, Galaabende, Hotel Lobby\/Piano Bar.<\/strong><\/span><\/p>\n<p>&nbsp;<\/p>\n<div style=\"width: 480px;\" class=\"wp-video\"><!--[if lt IE 9]><script>document.createElement('video');<\/script><![endif]--><br \/>\n<video class=\"wp-video-shortcode\" id=\"video-2063-1\" width=\"480\" height=\"736\" preload=\"metadata\" controls=\"controls\"><source type=\"video\/mp4\" src=\"https:\/\/www.alois-musik.de\/wordpress\/wp-content\/uploads\/2026\/01\/Flawers-Marta-Alois.mp4?_=1\" \/><a href=\"https:\/\/www.alois-musik.de\/wordpress\/wp-content\/uploads\/2026\/01\/Flawers-Marta-Alois.mp4\">https:\/\/www.alois-musik.de\/wordpress\/wp-content\/uploads\/2026\/01\/Flawers-Marta-Alois.mp4<\/a><\/video><\/div>\n<p>&nbsp;<\/p>\n<p>&nbsp;<\/p>\n<div style=\"width: 525px;\" class=\"wp-video\"><video class=\"wp-video-shortcode\" id=\"video-2063-2\" width=\"525\" height=\"297\" preload=\"metadata\" controls=\"controls\"><source type=\"video\/mp4\" src=\"https:\/\/www.alois-musik.de\/wordpress\/wp-content\/uploads\/2025\/03\/Alos-Kover-LIve-Saxophon.mp4?_=2\" \/><a href=\"https:\/\/www.alois-musik.de\/wordpress\/wp-content\/uploads\/2025\/03\/Alos-Kover-LIve-Saxophon.mp4\">https:\/\/www.alois-musik.de\/wordpress\/wp-content\/uploads\/2025\/03\/Alos-Kover-LIve-Saxophon.mp4<\/a><\/video><\/div>\n<p><img loading=\"lazy\" class=\"alignnone wp-image-3175\" src=\"https:\/\/www.alois-musik.de\/wordpress\/wp-content\/uploads\/2025\/03\/UNADJUSTEDNONRAW_thumb_e451-300x225.jpg\" alt=\"Urodz.Kref.\" width=\"640\" height=\"482\" \/><\/div>\n<\/div>\n<div style=\"width: 525px;\" class=\"wp-video\"><video class=\"wp-video-shortcode\" id=\"video-2063-3\" width=\"525\" height=\"297\" preload=\"metadata\" controls=\"controls\"><source type=\"video\/mp4\" src=\"http:\/\/www.alois-musik.de\/wordpress\/wp-content\/uploads\/2024\/01\/O-SOLE-MIO-SAX-1.mp4?_=3\" \/><a href=\"http:\/\/www.alois-musik.de\/wordpress\/wp-content\/uploads\/2024\/01\/O-SOLE-MIO-SAX-1.mp4\">http:\/\/www.alois-musik.de\/wordpress\/wp-content\/uploads\/2024\/01\/O-SOLE-MIO-SAX-1.mp4<\/a><\/video><\/div>\n<p><span style=\"color: #ff0000;\"><strong>ALOIS LIVE MUSIK<\/strong>\u00a0<\/span><\/p>\n<p><strong><span style=\"color: #ff0000;\">Perfektion und Leidenschaft &#8211; Professionalit\u00e4t<\/span><\/strong><\/p>\n<p><span style=\"color: #ff9900;\"><span style=\"color: #ff0000;\"><strong>Alleinunterhalter \u2013 Duo, \u00a0Band, Alleinunterhalter, DJ.<\/strong> aus NRW, mit Jahrzehnten Erfahrung auf nationalen sowie internationalen B\u00fchnen<\/span> <span style=\"color: #ffffff;\">spielt \u00fcberall dort, wo gut gelaunt gefeiert werden soll aber auch dort, wo man mit dezenter Musik z.B bei : Standesamt \/Kirchlichen Trauung, Gesch\u00e4ftser\u00f6ffnung, Hotel Lunge \/Piano Bar Musik Galaabend \/Dinner sanfte Musik genie\u00dfen m\u00f6chte.<\/span><\/span><\/p>\n<p><span style=\"color: #ffffff;\">Unser fast unschlagbares, internationales Repertoire, von :<strong> Pop-Rock, Deutschem Schlager, Polnische Hits, Schlesische Melodien,\u00a0Balladen, Italienische Hits, Evergreens, Latin bis hin zur den besten Musical und Klassik<\/strong> der fast keine W\u00fcnsche offen l\u00e4sst !<\/span><\/p>\n<p><span style=\"color: #ffffff;\">Bei deutsch-polnischen Feierlichkeiten f\u00fchren wir Ihre G\u00e4ste zusammen, so wird Ihr besonderer Tag musikalisch und partym\u00e4\u00dfig zweisprachig gestaltet; au\u00dferdem bieten wir bei internationalen Veranstaltungen (wie zum Beispiel Hochzeiten) Moderation und Musik in englischer, deutscher und polnischer Sprache, die durch unsere gesanglich ausgebildeten, professionellen und mehrfach international ausgezeichneten und pr\u00e4mierten S\u00e4ngerin \/ S\u00e4nger und Musiker geboten werden.<\/span><\/p>\n<div class=\"note idea \">\n<div class=\"note-inner\"><strong><span style=\"color: #ffffff;\"><span style=\"color: #003300;\"><span style=\"color: #003366;\"><span style=\"color: #ff0000;\">Vereinbaren Sie mit uns unverbindlich einen Beratungstermin um Ihre pers\u00f6nliche<\/span><\/span> <span style=\"color: #ff0000;\">Vorstellungen und W\u00fcnsche zu besprechen !<\/span><\/span><\/span><\/strong><\/div>\n<\/div>\n<p><img loading=\"lazy\" class=\"alignnone wp-image-2532\" src=\"http:\/\/www.alois-musik.de\/wordpress\/wp-content\/uploads\/2023\/08\/Alte-Schule-www.-Alois-Musik-300x169.jpg\" alt=\"Hochzeitsglas\" width=\"476\" height=\"268\" srcset=\"http:\/\/www.alois-musik.de\/wordpress\/wp-content\/uploads\/2023\/08\/Alte-Schule-www.-Alois-Musik-300x169.jpg 300w, http:\/\/www.alois-musik.de\/wordpress\/wp-content\/uploads\/2023\/08\/Alte-Schule-www.-Alois-Musik-1024x576.jpg 1024w, http:\/\/www.alois-musik.de\/wordpress\/wp-content\/uploads\/2023\/08\/Alte-Schule-www.-Alois-Musik-768x432.jpg 768w, http:\/\/www.alois-musik.de\/wordpress\/wp-content\/uploads\/2023\/08\/Alte-Schule-www.-Alois-Musik-1536x864.jpg 1536w, http:\/\/www.alois-musik.de\/wordpress\/wp-content\/uploads\/2023\/08\/Alte-Schule-www.-Alois-Musik.jpg 1920w\" sizes=\"(max-width: 476px) 100vw, 476px\" \/><\/p>\n<p><span style=\"color: #ff9900;\"><strong><span style=\"color: #ff0000;\">Live-Musik, Lounge-, Tanz und Party Musik, Keyboard, Saxophon, Akkordeon Gesang Live, Moderation, Animation und Spiele Musik f\u00fcr alle Altersklassen, mit Top Hits auf Deutsch, Polnisch, Englisch, Italienisch, Spanisch, Schlesisch<\/span> <span style=\"color: #ff0000;\">Hochzeiten, Trauung, Taufe Geburtstage Tanzveranstaltungen, Partys Jubil\u00e4um Firmenfeier Galaabend junge Musik.<\/span><\/strong><\/span><\/p>\n<p><span style=\"color: #ffffff;\"><strong>Nur mit der Erfahrung eines professionellen Musikers wird Ihre Feier zum Erfolg. Unsere modernste Sound \/ Effektbeleuchtung und Beschallungstechnik erm\u00f6glichen uns Auftritte in R\u00e4umlichkeiten aller Gr\u00f6\u00dfen, au\u00dferdem ist Bonn, K\u00f6ln, D\u00fcsseldorf, Koblenz, und die Umgebung von NRW nicht relevant, denn wir spielen f\u00fcr Sie bundesweit !<\/strong><\/span><\/p>\n<hr \/>\n<p style=\"text-align: left;\">\n","protected":false},"excerpt":{"rendered":"<p>MUSIK ENTERTAINMENT\u00a0 &nbsp; Deutsch &#8211; polnische Hochzeitsband &#8211; Partyband &#8211; Duo &#8211; Alleinunterhalter,\u00a0 DJ -Option. ALOIS LIVE MUSIK\u00a0 Perfektion und Leidenschaft &#8211; Professionalit\u00e4t Alleinunterhalter \u2013&hellip;<\/p>\n","protected":false},"author":1,"featured_media":0,"parent":0,"menu_order":0,"comment_status":"closed","ping_status":"closed","template":"","meta":[],"aioseo_notices":[],"_links":{"self":[{"href":"http:\/\/www.alois-musik.de\/wordpress\/wp-json\/wp\/v2\/pages\/2063"}],"collection":[{"href":"http:\/\/www.alois-musik.de\/wordpress\/wp-json\/wp\/v2\/pages"}],"about":[{"href":"http:\/\/www.alois-musik.de\/wordpress\/wp-json\/wp\/v2\/types\/page"}],"author":[{"embeddable":true,"href":"http:\/\/www.alois-musik.de\/wordpress\/wp-json\/wp\/v2\/users\/1"}],"replies":[{"embeddable":true,"href":"http:\/\/www.alois-musik.de\/wordpress\/wp-json\/wp\/v2\/comments?post=2063"}],"version-history":[{"count":116,"href":"http:\/\/www.alois-musik.de\/wordpress\/wp-json\/wp\/v2\/pages\/2063\/revisions"}],"predecessor-version":[{"id":3334,"href":"http:\/\/www.alois-musik.de\/wordpress\/wp-json\/wp\/v2\/pages\/2063\/revisions\/3334"}],"wp:attachment":[{"href":"http:\/\/www.alois-musik.de\/wordpress\/wp-json\/wp\/v2\/media?parent=2063"}],"curies":[{"name":"wp","href":"https:\/\/api.w.org\/{rel}","templated":true}]}}